{"id":507,"date":"2025-02-25T10:53:47","date_gmt":"2025-02-25T10:53:47","guid":{"rendered":"https:\/\/sideshowtattoo.se\/?page_id=507"},"modified":"2026-02-23T14:22:12","modified_gmt":"2026-02-23T13:22:12","slug":"piercing","status":"publish","type":"page","link":"https:\/\/sideshowtattoo.se\/?page_id=507","title":{"rendered":"Piercing"},"content":{"rendered":"\n<p><\/p>\n\n\n\n<div class=\"wp-block-media-text has-media-on-the-right is-stacked-on-mobile\" style=\"grid-template-columns:auto 36%\"><div class=\"wp-block-media-text__content\">\n<p class=\"has-medium-font-size\"><strong>Piercingar till oslagbara priser!<\/strong><\/p>\n\n\n\n<p class=\"has-medium-font-size\">Vi \u00e4r glada att nu kunna erbjuda piercingar med kanyl till riktigt konkurrenskraftiga priser i v\u00e5r studio!<\/p>\n\n\n\n<p class=\"has-medium-font-size\">Oavsett om du vill skaffa din f\u00f6rsta piercing eller ut\u00f6ka din samling, ser v\u00e5rt peircare till att du f\u00e5r en trygg och hygienisk upplevelse.<\/p>\n\n\n\n<p class=\"has-medium-font-size\">Vi anv\u00e4nder endast sterila verktyg och h\u00f6gkvalitativa smycken f\u00f6r b\u00e4sta resultat.<\/p>\n\n\n\n<p class=\"has-medium-font-size\">Kom in och l\u00e5t oss hj\u00e4lpa dig att hitta den perfekta piercingen \u2013 alltid med precision, stil och omsorg. Ett l\u00e4kesmycke ing\u00e5r alltid i priset. <\/p>\n\n\n\n<p class=\"has-medium-font-size\">Bes\u00f6k oss i studion eller h\u00f6r av dig f\u00f6r mer information!<\/p>\n\n\n\n<p class=\"has-medium-font-size\">Se v\u00e5r prislista h\u00e4r: <a href=\"https:\/\/sideshowtattoo.se\/?page_id=1146\" type=\"link\" id=\"https:\/\/sideshowtattoo.se\/?page_id=1146\"><mark style=\"background-color:rgba(0, 0, 0, 0)\" class=\"has-inline-color has-luminous-vivid-amber-color\">PRISLISTA<\/mark><\/a><\/p>\n\n\n\n<p><\/p>\n<\/div><figure class=\"wp-block-media-text__media\"><img fetchpriority=\"high\" decoding=\"async\" width=\"768\" height=\"1024\" src=\"https:\/\/sideshowtattoo.se\/wp-content\/uploads\/2025\/02\/20250225_112801_Original-768x1024.jpg\" alt=\"\" class=\"wp-image-508 size-large\" srcset=\"https:\/\/sideshowtattoo.se\/wp-content\/uploads\/2025\/02\/20250225_112801_Original-768x1024.jpg 768w, https:\/\/sideshowtattoo.se\/wp-content\/uploads\/2025\/02\/20250225_112801_Original-scaled-600x800.jpg 600w, https:\/\/sideshowtattoo.se\/wp-content\/uploads\/2025\/02\/20250225_112801_Original-225x300.jpg 225w, https:\/\/sideshowtattoo.se\/wp-content\/uploads\/2025\/02\/20250225_112801_Original-1152x1536.jpg 1152w, https:\/\/sideshowtattoo.se\/wp-content\/uploads\/2025\/02\/20250225_112801_Original-1536x2048.jpg 1536w, https:\/\/sideshowtattoo.se\/wp-content\/uploads\/2025\/02\/20250225_112801_Original-scaled.jpg 1920w\" sizes=\"(max-width: 768px) 100vw, 768px\" \/><\/figure><\/div>\n\n\n\n<p><\/p>\n","protected":false},"excerpt":{"rendered":"<p>Piercingar till oslagbara priser! Vi \u00e4r glada att nu kunna erbjuda piercingar med kanyl till riktigt konkurrenskraftiga priser i v\u00e5r studio! Oavsett om du vill skaffa din f\u00f6rsta piercing eller ut\u00f6ka din samling, ser v\u00e5rt peircare till att du f\u00e5r en trygg och hygienisk upplevelse. Vi anv\u00e4nder endast sterila verktyg [&hellip;]<\/p>\n","protected":false},"author":2,"featured_media":0,"parent":0,"menu_order":0,"comment_status":"closed","ping_status":"closed","template":"","meta":{"rs_blank_template":"","rs_page_bg_color":"","slide_template_v7":"","footnotes":""},"class_list":["post-507","page","type-page","status-publish","hentry"],"_links":{"self":[{"href":"https:\/\/sideshowtattoo.se\/index.php?rest_route=\/wp\/v2\/pages\/507","targetHints":{"allow":["GET"]}}],"collection":[{"href":"https:\/\/sideshowtattoo.se\/index.php?rest_route=\/wp\/v2\/pages"}],"about":[{"href":"https:\/\/sideshowtattoo.se\/index.php?rest_route=\/wp\/v2\/types\/page"}],"author":[{"embeddable":true,"href":"https:\/\/sideshowtattoo.se\/index.php?rest_route=\/wp\/v2\/users\/2"}],"replies":[{"embeddable":true,"href":"https:\/\/sideshowtattoo.se\/index.php?rest_route=%2Fwp%2Fv2%2Fcomments&post=507"}],"version-history":[{"count":1,"href":"https:\/\/sideshowtattoo.se\/index.php?rest_route=\/wp\/v2\/pages\/507\/revisions"}],"predecessor-version":[{"id":1160,"href":"https:\/\/sideshowtattoo.se\/index.php?rest_route=\/wp\/v2\/pages\/507\/revisions\/1160"}],"wp:attachment":[{"href":"https:\/\/sideshowtattoo.se\/index.php?rest_route=%2Fwp%2Fv2%2Fmedia&parent=507"}],"curies":[{"name":"wp","href":"https:\/\/api.w.org\/{rel}","templated":true}]}}