{"id":1182,"date":"2026-03-18T12:01:31","date_gmt":"2026-03-18T11:01:31","guid":{"rendered":"https:\/\/sideshowtattoo.se\/?page_id=1182"},"modified":"2026-03-18T12:05:40","modified_gmt":"2026-03-18T11:05:40","slug":"skotselrad","status":"publish","type":"page","link":"https:\/\/sideshowtattoo.se\/?page_id=1182","title":{"rendered":"Sk\u00f6tselr\u00e5d"},"content":{"rendered":"\t\t<div data-elementor-type=\"wp-page\" data-elementor-id=\"1182\" class=\"elementor elementor-1182\">\n\t\t\t\t<div class=\"elementor-element elementor-element-67b59a2f e-flex e-con-boxed e-con e-parent\" data-id=\"67b59a2f\" data-element_type=\"container\" data-e-type=\"container\">\n\t\t\t\t\t<div class=\"e-con-inner\">\n\t\t\t\t<div class=\"elementor-element elementor-element-b878017 elementor-widget elementor-widget-text-editor\" data-id=\"b878017\" data-element_type=\"widget\" data-e-type=\"widget\" data-widget_type=\"text-editor.default\">\n\t\t\t\t\t\t\t\t\t\n<p class=\"has-medium-font-size\"><span style=\"color: #999999;\"><a href=\"https:\/\/sideshowtattoo.se\/?page_id=1177\" style=\"color: #999999;\">Sk\u00f6tselr\u00e5d f\u00f6r tatuering<\/a><\/span><\/p>\n<p><span style=\"color: #999999;\"><\/span><\/p>\n<p class=\"has-medium-font-size\"><span style=\"color: #999999;\"><a href=\"https:\/\/sideshowtattoo.se\/?page_id=1180\" style=\"color: #999999;\">Sk\u00f6tselr\u00e5d f\u00f6r piercing<\/a><\/span><\/p>\n<p><span style=\"color: #999999;\"><\/span><\/p>\n<p><\/p>\n\t\t\t\t\t\t\t\t<\/div>\n\t\t\t\t\t<\/div>\n\t\t\t\t<\/div>\n\t\t<div class=\"elementor-element elementor-element-838aa85 e-flex e-con-boxed e-con e-parent\" data-id=\"838aa85\" data-element_type=\"container\" data-e-type=\"container\">\n\t\t\t\t\t<div class=\"e-con-inner\">\n\t\t\t\t<div class=\"elementor-element elementor-element-e300553 elementor-view-default elementor-widget elementor-widget-icon\" data-id=\"e300553\" data-element_type=\"widget\" data-e-type=\"widget\" data-widget_type=\"icon.default\">\n\t\t\t\t\t\t\t<div class=\"elementor-icon-wrapper\">\n\t\t\t<div class=\"elementor-icon\">\n\t\t\t<svg aria-hidden=\"true\" class=\"e-font-icon-svg e-fas-star\" viewBox=\"0 0 576 512\" xmlns=\"http:\/\/www.w3.org\/2000\/svg\"><path d=\"M259.3 17.8L194 150.2 47.9 171.5c-26.2 3.8-36.7 36.1-17.7 54.6l105.7 103-25 145.5c-4.5 26.3 23.2 46 46.4 33.7L288 439.6l130.7 68.7c23.2 12.2 50.9-7.4 46.4-33.7l-25-145.5 105.7-103c19-18.5 8.5-50.8-17.7-54.6L382 150.2 316.7 17.8c-11.7-23.6-45.6-23.9-57.4 0z\"><\/path><\/svg>\t\t\t<\/div>\n\t\t<\/div>\n\t\t\t\t\t\t<\/div>\n\t\t\t\t\t<\/div>\n\t\t\t\t<\/div>\n\t\t\t\t<\/div>\n\t\t","protected":false},"excerpt":{"rendered":"<p>Sk\u00f6tselr\u00e5d f\u00f6r tatuering Sk\u00f6tselr\u00e5d f\u00f6r piercing<\/p>\n","protected":false},"author":2,"featured_media":0,"parent":0,"menu_order":0,"comment_status":"closed","ping_status":"closed","template":"","meta":{"footnotes":""},"class_list":["post-1182","page","type-page","status-publish","hentry"],"_links":{"self":[{"href":"https:\/\/sideshowtattoo.se\/index.php?rest_route=\/wp\/v2\/pages\/1182","targetHints":{"allow":["GET"]}}],"collection":[{"href":"https:\/\/sideshowtattoo.se\/index.php?rest_route=\/wp\/v2\/pages"}],"about":[{"href":"https:\/\/sideshowtattoo.se\/index.php?rest_route=\/wp\/v2\/types\/page"}],"author":[{"embeddable":true,"href":"https:\/\/sideshowtattoo.se\/index.php?rest_route=\/wp\/v2\/users\/2"}],"replies":[{"embeddable":true,"href":"https:\/\/sideshowtattoo.se\/index.php?rest_route=%2Fwp%2Fv2%2Fcomments&post=1182"}],"version-history":[{"count":7,"href":"https:\/\/sideshowtattoo.se\/index.php?rest_route=\/wp\/v2\/pages\/1182\/revisions"}],"predecessor-version":[{"id":1189,"href":"https:\/\/sideshowtattoo.se\/index.php?rest_route=\/wp\/v2\/pages\/1182\/revisions\/1189"}],"wp:attachment":[{"href":"https:\/\/sideshowtattoo.se\/index.php?rest_route=%2Fwp%2Fv2%2Fmedia&parent=1182"}],"curies":[{"name":"wp","href":"https:\/\/api.w.org\/{rel}","templated":true}]}}