{"id":1146,"date":"2026-02-23T14:00:18","date_gmt":"2026-02-23T13:00:18","guid":{"rendered":"https:\/\/sideshowtattoo.se\/?page_id=1146"},"modified":"2026-02-23T14:05:26","modified_gmt":"2026-02-23T13:05:26","slug":"piercing-priser","status":"publish","type":"page","link":"https:\/\/sideshowtattoo.se\/?page_id=1146","title":{"rendered":"Piercing priser"},"content":{"rendered":"<div class=\"piercing-pricelist\">\n<h2>\u00d6ron<\/h2>\n<table style=\"width: 100%; border-collapse: collapse; margin-bottom: 20px;\">\n<tbody>\n<tr style=\"border-bottom: 1px dotted #ccc;\">\n<td>\u00d6ra: 1,2-1,6 mm<\/td>\n<td style=\"text-align: right;\">400 kr<\/td>\n<\/tr>\n<tr style=\"border-bottom: 1px dotted #ccc;\">\n<td>\u00d6ra: 2,0-2,4 mm<\/td>\n<td style=\"text-align: right;\">400 kr<\/td>\n<\/tr>\n<tr style=\"border-bottom: 1px dotted #ccc;\">\n<td>\u00d6ron, par: 1,2-1,6 mm<\/td>\n<td style=\"text-align: right;\">700 kr<\/td>\n<\/tr>\n<tr style=\"border-bottom: 1px dotted #ccc;\">\n<td>\u00d6ron, par: 2,0-2,4 mm<\/td>\n<td style=\"text-align: right;\">700 kr<\/td>\n<\/tr>\n<tr style=\"border-bottom: 1px dotted #ccc;\">\n<td>Tragus\/Conch\/Daith<\/td>\n<td style=\"text-align: right;\">650 kr<\/td>\n<\/tr>\n<tr style=\"border-bottom: 1px dotted #ccc;\">\n<td>Anti-tragus\/Helix<\/td>\n<td style=\"text-align: right;\">600 kr<\/td>\n<\/tr>\n<tr style=\"border-bottom: 1px dotted #ccc;\">\n<td>Horisontal snibb<\/td>\n<td style=\"text-align: right;\">600 kr<\/td>\n<\/tr>\n<tr style=\"border-bottom: 1px dotted #ccc;\">\n<td>Industrial<\/td>\n<td style=\"text-align: right;\">700 kr<\/td>\n<\/tr>\n<\/tbody>\n<\/table>\n<h2>Ansikte<\/h2>\n<table style=\"width: 100%; border-collapse: collapse; margin-bottom: 20px;\">\n<tbody>\n<tr style=\"border-bottom: 1px dotted #ccc;\">\n<td>\u00d6gonbryn<\/td>\n<td style=\"text-align: right;\">500 kr<\/td>\n<\/tr>\n<tr style=\"border-bottom: 1px dotted #ccc;\">\n<td>Earl<\/td>\n<td style=\"text-align: right;\">600 kr<\/td>\n<\/tr>\n<tr style=\"border-bottom: 1px dotted #ccc;\">\n<td>N\u00e4svinge<\/td>\n<td style=\"text-align: right;\">500 kr<\/td>\n<\/tr>\n<tr style=\"border-bottom: 1px dotted #ccc;\">\n<td>Septum<\/td>\n<td style=\"text-align: right;\">700 kr<\/td>\n<\/tr>\n<tr style=\"border-bottom: 1px dotted #ccc;\">\n<td>L\u00e4pp\/\u00d6verl\u00e4pp\/Kind<\/td>\n<td style=\"text-align: right;\">650 kr<\/td>\n<\/tr>\n<tr style=\"border-bottom: 1px dotted #ccc;\">\n<td>Vertikal labret<\/td>\n<td style=\"text-align: right;\">650 kr<\/td>\n<\/tr>\n<tr style=\"border-bottom: 1px dotted #ccc;\">\n<td>Snakebites (par)<\/td>\n<td style=\"text-align: right;\">1000 kr<\/td>\n<\/tr>\n<tr style=\"border-bottom: 1px dotted #ccc;\">\n<td>Spiderbites (par)<\/td>\n<td style=\"text-align: right;\">1000 kr<\/td>\n<\/tr>\n<tr style=\"border-bottom: 1px dotted #ccc;\">\n<td>Angelbites (par)<\/td>\n<td style=\"text-align: right;\">1000 kr<\/td>\n<\/tr>\n<tr style=\"border-bottom: 1px dotted #ccc;\">\n<td>Smiley (flatdisc-kula)<\/td>\n<td style=\"text-align: right;\">600 kr<\/td>\n<\/tr>\n<tr style=\"border-bottom: 1px dotted #ccc;\">\n<td>Tunga<\/td>\n<td style=\"text-align: right;\">600 kr<\/td>\n<\/tr>\n<tr style=\"border-bottom: 1px dotted #ccc;\">\n<td>Toungeweb<\/td>\n<td style=\"text-align: right;\">600 kr<\/td>\n<\/tr>\n<\/tbody>\n<\/table>\n<h2>Kropp<\/h2>\n<table style=\"width: 100%; border-collapse: collapse; margin-bottom: 20px;\">\n<tbody>\n<tr style=\"border-bottom: 1px dotted #ccc;\">\n<td>Navel<\/td>\n<td style=\"text-align: right;\">1000 kr<\/td>\n<\/tr>\n<tr style=\"border-bottom: 1px dotted #ccc;\">\n<td>Nape<\/td>\n<td style=\"text-align: right;\">700 kr<\/td>\n<\/tr>\n<tr style=\"border-bottom: 1px dotted #ccc;\">\n<td>Br\u00f6stv\u00e5rta<\/td>\n<td style=\"text-align: right;\">700 kr<\/td>\n<\/tr>\n<tr style=\"border-bottom: 1px dotted #ccc;\">\n<td>Br\u00f6stv\u00e5rta (par)<\/td>\n<td style=\"text-align: right;\">900 kr<\/td>\n<\/tr>\n<tr style=\"border-bottom: 1px dotted #ccc;\">\n<td>Genital piercing<\/td>\n<td style=\"text-align: right;\">1000 kr<\/td>\n<\/tr>\n<\/tbody>\n<\/table>\n<h2>Efterv\u00e5rd<\/h2>\n<table style=\"width: 100%; border-collapse: collapse; margin-bottom: 20px;\">\n<tbody>\n<tr style=\"border-bottom: 1px dotted #ccc;\">\n<td>Koksaltspray<\/td>\n<td style=\"text-align: right;\">100 kr<\/td>\n<\/tr>\n<\/tbody>\n<\/table>\n<div style=\"margin-top: 30px; margin-bottom: 40px;\">\n<h2>\u00d6vrigt<\/h2>\n<table style=\"width: 100%; border-collapse: collapse;\">\n<tbody>\n<tr style=\"border-bottom: 1px dotted #ccc;\">\n<td>Konsultation<\/td>\n<td style=\"text-align: right;\">Gratis<\/td>\n<\/tr>\n<tr style=\"border-bottom: 1px dotted #ccc;\">\n<td>Byte av smycke<\/td>\n<td style=\"text-align: right;\">100 kr<\/td>\n<\/tr>\n<\/tbody>\n<\/table><\/div>\n<p style=\"text-align: center; font-weight: bold; margin-top: 40px; text-transform: uppercase;\">\n        Vi f\u00f6rbeh\u00e5ller oss alltid r\u00e4tten att neka att utf\u00f6ra en piercing\n    <\/p>\n<div style=\"text-align: center; margin-top: 20px;\">\n<h2 style=\"margin-bottom: 5px;\">\u00c5ldersgr\u00e4ns<\/h2>\n<p style=\"margin-top: 0;\">16 \u00e5r eller i m\u00e5lsmans s\u00e4llskap<\/p>\n<\/p><\/div>\n<\/div>\n","protected":false},"excerpt":{"rendered":"<p>\u00d6ron \u00d6ra: 1,2-1,6 mm 400 kr \u00d6ra: 2,0-2,4 mm 400 kr \u00d6ron, par: 1,2-1,6 mm 700 kr \u00d6ron, par: 2,0-2,4 mm 700 kr Tragus\/Conch\/Daith 650 kr Anti-tragus\/Helix 600 kr Horisontal snibb 600 kr Industrial 700 kr Ansikte \u00d6gonbryn 500 kr Earl 600 kr N\u00e4svinge 500 kr Septum 700 kr L\u00e4pp\/\u00d6verl\u00e4pp\/Kind [&hellip;]<\/p>\n","protected":false},"author":2,"featured_media":0,"parent":0,"menu_order":0,"comment_status":"closed","ping_status":"closed","template":"","meta":{"footnotes":""},"class_list":["post-1146","page","type-page","status-publish","hentry"],"_links":{"self":[{"href":"https:\/\/sideshowtattoo.se\/index.php?rest_route=\/wp\/v2\/pages\/1146","targetHints":{"allow":["GET"]}}],"collection":[{"href":"https:\/\/sideshowtattoo.se\/index.php?rest_route=\/wp\/v2\/pages"}],"about":[{"href":"https:\/\/sideshowtattoo.se\/index.php?rest_route=\/wp\/v2\/types\/page"}],"author":[{"embeddable":true,"href":"https:\/\/sideshowtattoo.se\/index.php?rest_route=\/wp\/v2\/users\/2"}],"replies":[{"embeddable":true,"href":"https:\/\/sideshowtattoo.se\/index.php?rest_route=%2Fwp%2Fv2%2Fcomments&post=1146"}],"version-history":[{"count":0,"href":"https:\/\/sideshowtattoo.se\/index.php?rest_route=\/wp\/v2\/pages\/1146\/revisions"}],"wp:attachment":[{"href":"https:\/\/sideshowtattoo.se\/index.php?rest_route=%2Fwp%2Fv2%2Fmedia&parent=1146"}],"curies":[{"name":"wp","href":"https:\/\/api.w.org\/{rel}","templated":true}]}}